{"id":296,"date":"2025-03-26T09:48:03","date_gmt":"2025-03-26T09:48:03","guid":{"rendered":"https:\/\/hongistonkonetyo.fi\/?page_id=296"},"modified":"2025-04-02T13:17:09","modified_gmt":"2025-04-02T13:17:09","slug":"kesakunnossapito","status":"publish","type":"page","link":"https:\/\/hongistonkonetyo.fi\/?page_id=296","title":{"rendered":"Tiest\u00f6n kes\u00e4kunnossapito"},"content":{"rendered":"\t\t<div data-elementor-type=\"wp-page\" data-elementor-id=\"296\" class=\"elementor elementor-296\">\n\t\t\t\t<div class=\"elementor-element elementor-element-12cf994 e-flex e-con-boxed e-con e-parent\" data-id=\"12cf994\" data-element_type=\"container\">\n\t\t\t\t\t<div class=\"e-con-inner\">\n\t\t\t\t<div class=\"elementor-element elementor-element-63b7ded2 elementor-widget elementor-widget-text-editor\" data-id=\"63b7ded2\" data-element_type=\"widget\" data-widget_type=\"text-editor.default\">\n\t\t\t\t<div class=\"elementor-widget-container\">\n\t\t\t\t\t\t\t\t\t<h2 class=\"wp-block-heading\">Tiest\u00f6n <span style=\"color: #ffd447;\">kes\u00e4kunnossapito<\/span><\/h2>\n<h2 class=\"wp-block-heading\">\u2013 Palvelemme tiekuntia, yksityisi\u00e4 ja suurempia tieverkon yll\u00e4pit\u00e4ji\u00e4<\/h2>\n<p><!-- \/wp:heading --><!-- wp:paragraph --><\/p>\n<p>Tarjoamme kattavat tiest\u00f6n kes\u00e4kunnossapitopalvelut Etel\u00e4-Kymenlaakson ja it\u00e4isen Uudenmaan alueella. Asiakkaitamme ovat tiekunnat, yksityisteiden hoitajat, yritykset sek\u00e4 julkiset ja suuret tieverkoston yll\u00e4pit\u00e4j\u00e4t. Kalustomme soveltuu erinomaisesti sek\u00e4 sorateiden kunnossapitoon ett\u00e4 pehmeikk\u00f6kohteisiin ja haastaviin maastoihin.<\/p>\n<p><!-- \/wp:paragraph --><!-- wp:heading {\"level\":3} --><\/p>\n<h3 class=\"wp-block-heading\">Kes\u00e4kunnossapidon palvelut<\/h3>\n<p><!-- \/wp:heading --><!-- wp:list --><\/p>\n<ul class=\"wp-block-list\">\n<li style=\"list-style-type: none;\">\n<ul class=\"wp-block-list\"><!-- wp:list-item --><\/ul>\n<\/li>\n<\/ul>\n<ul>\n<li><strong>Sorateiden h\u00f6yl\u00e4ys ja muotoilu<\/strong> tiekarhulla<\/li>\n<li><strong>Tien pinnan tasaus ja kunnossapito<\/strong> koko kes\u00e4kauden ajan<\/li>\n<li><strong>P\u00f6lynsidonta ja suolaus<\/strong> liikenneturvallisuuden ja viihtyvyyden parantamiseksi<\/li>\n<li><strong>Ojien avaaminen ja reunojen hoito<\/strong> kaivinkoneilla<\/li>\n<li><strong>Tienpohjien korjaukset ja massanvaihdot<\/strong> kulumien ja pehmenemien korjaamiseksi<\/li>\n<li><strong>Kulutuskerrosten levitys ja tasaus<\/strong> murskeilla tai sepelill\u00e4<\/li>\n<li><strong>Reuna-alueiden raivaukset ja n\u00e4kyvyyden parantaminen<\/strong><\/li>\n<li><strong>Tienvarsien niitot ja vesakoinnit<\/strong><\/li>\n<li><strong>Rumpujen ja siltarumpujen vaihdot ja asennukset<\/strong><\/li>\n<li><strong>Pienkorjaukset ja kunnostusty\u00f6t<\/strong> traktorikaivurilla<\/li>\n<li><strong>Kiviainesten ja murskeen toimitukset<\/strong> ty\u00f6kohteisiin<\/li>\n<li><strong style=\"background-color: var(--color_content_background); color: var(--color_content_text); font-family: var(--typography_fonts_text);\">Kohteiden suunnittelu ja kartoitus<\/strong><span style=\"background-color: var(--color_content_background); color: var(--color_content_text); font-family: var(--typography_fonts_text);\">, tarvittaessa <\/span><strong style=\"background-color: var(--color_content_background); color: var(--color_content_text); font-family: var(--typography_fonts_text);\">drone-ilmakuvauksella<\/strong><\/li>\n<li style=\"list-style-type: none;\">&nbsp;<\/li>\n<\/ul>\n<h3 class=\"wp-block-heading\">Kalusto tiest\u00f6n yll\u00e4pitoon<\/h3>\n<ul>\n<li class=\"wp-block-heading\"><strong>Tiekarhu<\/strong> sorateiden h\u00f6yl\u00e4ykseen ja profiilin muotoiluun<\/li>\n<li class=\"wp-block-heading\"><strong>Kaivinkoneet<\/strong> ojien, rumpujen ja reunavy\u00f6hykkeiden hoitoon<\/li>\n<li class=\"wp-block-heading\"><strong>Leve\u00e4telaiset kaivinkoneet<\/strong> pehmeille maille ja erikoiskohteisiin<\/li>\n<li class=\"wp-block-heading\"><strong>Traktorit ja maansiirtovaunut<\/strong>&nbsp;murskeiden ja materiaalien siirtoon<\/li>\n<li class=\"wp-block-heading\"><strong>Traktorikaivuri<\/strong> pienempiin korjauksiin ja joustavaan ty\u00f6skentelyyn<\/li>\n<li class=\"wp-block-heading\"><strong>Ketjumurskaimet<\/strong>, kuten Kronos Predator ja hydraulinen ketjumurskain kaivinkoneeseen<\/li>\n<li class=\"wp-block-heading\"><strong>Drone<\/strong> kartoitukseen, tarkastuksiin ja suunnittelun tueksi<\/li>\n<\/ul>\n<p><!-- \/wp:heading --><!-- wp:list --><\/p>\n<ul class=\"wp-block-list\">\n<li style=\"list-style-type: none;\">\n<ul class=\"wp-block-list\"><!-- wp:list-item --><\/ul>\n<\/li>\n<\/ul>\n<ul>\n<li style=\"list-style-type: none;\">&nbsp;<\/li>\n<\/ul>\n<h3>Miksi valita meid\u00e4t tiest\u00f6n kes\u00e4kunnossapitoon<\/h3>\n<ul>\n<li>Paikallinen ja kokenut toimija, joka tuntee alueen maastot ja asiakkaiden tarpeet<\/li>\n<li>Monipuolinen kalusto vaativiin kohteisiin<\/li>\n<li>Nopea reagointi ja selke\u00e4, asiakasl\u00e4ht\u00f6inen toimintatapa<\/li>\n<li>Vankka kokemus tiest\u00f6n kunnossapidosta<\/li>\n<li>Kaikki palvelut yhdest\u00e4 paikasta \u2013 suunnittelusta toteutukseen<\/li>\n<\/ul>\n<p><strong style=\"background-color: var(--color_content_background); color: var(--color_content_text); font-family: var(--typography_fonts_text);\">Ota yhteytt\u00e4 ja pyyd\u00e4 tarjous \u2013 pidet\u00e4\u00e4n tie kunnossa ymp\u00e4ri vuoden!<\/strong><\/p>\n<p><!-- \/wp:heading --><!-- wp:list --><\/p>\n<ul class=\"wp-block-list\">\n<li style=\"list-style-type: none;\">\n<ul class=\"wp-block-list\"><!-- wp:list-item --><\/ul>\n<\/li>\n<\/ul>\n<p><!-- \/wp:list-item --><!-- wp:list-item --><\/p>\n<p><!-- \/wp:paragraph --><!-- wp:image {\"id\":435,\"sizeSlug\":\"large\",\"linkDestination\":\"none\"} --><\/p>\n<figure class=\"wp-block-image size-large\"><\/figure>\n<p><!-- \/wp:image --><\/p>\t\t\t\t\t\t\t\t<\/div>\n\t\t\t\t<\/div>\n\t\t\t\t\t<\/div>\n\t\t\t\t<\/div>\n\t\t<div class=\"elementor-element elementor-element-3ea09f3 e-flex e-con-boxed e-con e-parent\" data-id=\"3ea09f3\" data-element_type=\"container\">\n\t\t\t\t\t<div class=\"e-con-inner\">\n\t\t\t\t<div class=\"elementor-element elementor-element-ed07a9d elementor-widget elementor-widget-image\" data-id=\"ed07a9d\" data-element_type=\"widget\" data-widget_type=\"image.default\">\n\t\t\t\t<div class=\"elementor-widget-container\">\n\t\t\t\t\t\t\t\t\t\t\t\t\t\t\t<img fetchpriority=\"high\" decoding=\"async\" width=\"1024\" height=\"683\" src=\"https:\/\/hongistonkonetyo.fi\/wp-content\/uploads\/2025\/03\/IMG_0594-1024x683.jpg\" class=\"attachment-large size-large wp-image-435\" alt=\"\" srcset=\"https:\/\/hongistonkonetyo.fi\/wp-content\/uploads\/2025\/03\/IMG_0594-1024x683.jpg 1024w, https:\/\/hongistonkonetyo.fi\/wp-content\/uploads\/2025\/03\/IMG_0594-300x200.jpg 300w, https:\/\/hongistonkonetyo.fi\/wp-content\/uploads\/2025\/03\/IMG_0594-768x512.jpg 768w, https:\/\/hongistonkonetyo.fi\/wp-content\/uploads\/2025\/03\/IMG_0594-1536x1024.jpg 1536w, https:\/\/hongistonkonetyo.fi\/wp-content\/uploads\/2025\/03\/IMG_0594-2048x1365.jpg 2048w\" sizes=\"(max-width: 1024px) 100vw, 1024px\" \/>\t\t\t\t\t\t\t\t\t\t\t\t\t\t\t<\/div>\n\t\t\t\t<\/div>\n\t\t\t\t\t<\/div>\n\t\t\t\t<\/div>\n\t\t<div class=\"elementor-element elementor-element-11b3b80 e-flex e-con-boxed e-con e-parent\" data-id=\"11b3b80\" data-element_type=\"container\">\n\t\t\t\t\t<div class=\"e-con-inner\">\n\t\t\t\t<div class=\"elementor-element elementor-element-f5474d5 elementor-shape-rounded elementor-grid-0 e-grid-align-center elementor-widget elementor-widget-social-icons\" data-id=\"f5474d5\" data-element_type=\"widget\" data-widget_type=\"social-icons.default\">\n\t\t\t\t<div class=\"elementor-widget-container\">\n\t\t\t\t\t\t\t<div class=\"elementor-social-icons-wrapper elementor-grid\">\n\t\t\t\t\t\t\t<span class=\"elementor-grid-item\">\n\t\t\t\t\t<a class=\"elementor-icon elementor-social-icon elementor-social-icon-facebook elementor-repeater-item-d71cce4\" href=\"https:\/\/www.facebook.com\/HongistonKonetyo\" target=\"_blank\">\n\t\t\t\t\t\t<span class=\"elementor-screen-only\">Facebook<\/span>\n\t\t\t\t\t\t<svg class=\"e-font-icon-svg e-fab-facebook\" viewBox=\"0 0 512 512\" xmlns=\"http:\/\/www.w3.org\/2000\/svg\"><path d=\"M504 256C504 119 393 8 256 8S8 119 8 256c0 123.78 90.69 226.38 209.25 245V327.69h-63V256h63v-54.64c0-62.15 37-96.48 93.67-96.48 27.14 0 55.52 4.84 55.52 4.84v61h-31.28c-30.8 0-40.41 19.12-40.41 38.73V256h68.78l-11 71.69h-57.78V501C413.31 482.38 504 379.78 504 256z\"><\/path><\/svg>\t\t\t\t\t<\/a>\n\t\t\t\t<\/span>\n\t\t\t\t\t\t\t<span class=\"elementor-grid-item\">\n\t\t\t\t\t<a class=\"elementor-icon elementor-social-icon elementor-social-icon-linkedin elementor-repeater-item-60ab487\" href=\"https:\/\/www.linkedin.com\/company\/hongiston-konety%C3%B6-oy\" target=\"_blank\">\n\t\t\t\t\t\t<span class=\"elementor-screen-only\">Linkedin<\/span>\n\t\t\t\t\t\t<svg class=\"e-font-icon-svg e-fab-linkedin\" viewBox=\"0 0 448 512\" xmlns=\"http:\/\/www.w3.org\/2000\/svg\"><path d=\"M416 32H31.9C14.3 32 0 46.5 0 64.3v383.4C0 465.5 14.3 480 31.9 480H416c17.6 0 32-14.5 32-32.3V64.3c0-17.8-14.4-32.3-32-32.3zM135.4 416H69V202.2h66.5V416zm-33.2-243c-21.3 0-38.5-17.3-38.5-38.5S80.9 96 102.2 96c21.2 0 38.5 17.3 38.5 38.5 0 21.3-17.2 38.5-38.5 38.5zm282.1 243h-66.4V312c0-24.8-.5-56.7-34.5-56.7-34.6 0-39.9 27-39.9 54.9V416h-66.4V202.2h63.7v29.2h.9c8.9-16.8 30.6-34.5 62.9-34.5 67.2 0 79.7 44.3 79.7 101.9V416z\"><\/path><\/svg>\t\t\t\t\t<\/a>\n\t\t\t\t<\/span>\n\t\t\t\t\t\t\t<span class=\"elementor-grid-item\">\n\t\t\t\t\t<a class=\"elementor-icon elementor-social-icon elementor-social-icon-whatsapp elementor-repeater-item-edfd13b\" href=\"https:\/\/wa.me\/358504351927?text=Hei%2C%20minulla%20olisi%20kysytt\u00e4v\u00e4\u00e4\" target=\"_blank\">\n\t\t\t\t\t\t<span class=\"elementor-screen-only\">Whatsapp<\/span>\n\t\t\t\t\t\t<svg class=\"e-font-icon-svg e-fab-whatsapp\" viewBox=\"0 0 448 512\" xmlns=\"http:\/\/www.w3.org\/2000\/svg\"><path d=\"M380.9 97.1C339 55.1 283.2 32 223.9 32c-122.4 0-222 99.6-222 222 0 39.1 10.2 77.3 29.6 111L0 480l117.7-30.9c32.4 17.7 68.9 27 106.1 27h.1c122.3 0 224.1-99.6 224.1-222 0-59.3-25.2-115-67.1-157zm-157 341.6c-33.2 0-65.7-8.9-94-25.7l-6.7-4-69.8 18.3L72 359.2l-4.4-7c-18.5-29.4-28.2-63.3-28.2-98.2 0-101.7 82.8-184.5 184.6-184.5 49.3 0 95.6 19.2 130.4 54.1 34.8 34.9 56.2 81.2 56.1 130.5 0 101.8-84.9 184.6-186.6 184.6zm101.2-138.2c-5.5-2.8-32.8-16.2-37.9-18-5.1-1.9-8.8-2.8-12.5 2.8-3.7 5.6-14.3 18-17.6 21.8-3.2 3.7-6.5 4.2-12 1.4-32.6-16.3-54-29.1-75.5-66-5.7-9.8 5.7-9.1 16.3-30.3 1.8-3.7.9-6.9-.5-9.7-1.4-2.8-12.5-30.1-17.1-41.2-4.5-10.8-9.1-9.3-12.5-9.5-3.2-.2-6.9-.2-10.6-.2-3.7 0-9.7 1.4-14.8 6.9-5.1 5.6-19.4 19-19.4 46.3 0 27.3 19.9 53.7 22.6 57.4 2.8 3.7 39.1 59.7 94.8 83.8 35.2 15.2 49 16.5 66.6 13.9 10.7-1.6 32.8-13.4 37.4-26.4 4.6-13 4.6-24.1 3.2-26.4-1.3-2.5-5-3.9-10.5-6.6z\"><\/path><\/svg>\t\t\t\t\t<\/a>\n\t\t\t\t<\/span>\n\t\t\t\t\t\t\t<span class=\"elementor-grid-item\">\n\t\t\t\t\t<a class=\"elementor-icon elementor-social-icon elementor-social-icon-phone elementor-repeater-item-cfd9abd\" href=\"tel:+358504351927\" target=\"_blank\">\n\t\t\t\t\t\t<span class=\"elementor-screen-only\">Phone<\/span>\n\t\t\t\t\t\t<svg class=\"e-font-icon-svg e-fas-phone\" viewBox=\"0 0 512 512\" xmlns=\"http:\/\/www.w3.org\/2000\/svg\"><path d=\"M493.4 24.6l-104-24c-11.3-2.6-22.9 3.3-27.5 13.9l-48 112c-4.2 9.8-1.4 21.3 6.9 28l60.6 49.6c-36 76.7-98.9 140.5-177.2 177.2l-49.6-60.6c-6.8-8.3-18.2-11.1-28-6.9l-112 48C3.9 366.5-2 378.1.6 389.4l24 104C27.1 504.2 36.7 512 48 512c256.1 0 464-207.5 464-464 0-11.2-7.7-20.9-18.6-23.4z\"><\/path><\/svg>\t\t\t\t\t<\/a>\n\t\t\t\t<\/span>\n\t\t\t\t\t\t\t<span class=\"elementor-grid-item\">\n\t\t\t\t\t<a class=\"elementor-icon elementor-social-icon elementor-social-icon-envelope elementor-repeater-item-53fdd1d\" href=\"mailto:arttu.hongisto@pp.inet.fi\" target=\"_blank\">\n\t\t\t\t\t\t<span class=\"elementor-screen-only\">Envelope<\/span>\n\t\t\t\t\t\t<svg class=\"e-font-icon-svg e-far-envelope\" viewBox=\"0 0 512 512\" xmlns=\"http:\/\/www.w3.org\/2000\/svg\"><path d=\"M464 64H48C21.49 64 0 85.49 0 112v288c0 26.51 21.49 48 48 48h416c26.51 0 48-21.49 48-48V112c0-26.51-21.49-48-48-48zm0 48v40.805c-22.422 18.259-58.168 46.651-134.587 106.49-16.841 13.247-50.201 45.072-73.413 44.701-23.208.375-56.579-31.459-73.413-44.701C106.18 199.465 70.425 171.067 48 152.805V112h416zM48 400V214.398c22.914 18.251 55.409 43.862 104.938 82.646 21.857 17.205 60.134 55.186 103.062 54.955 42.717.231 80.509-37.199 103.053-54.947 49.528-38.783 82.032-64.401 104.947-82.653V400H48z\"><\/path><\/svg>\t\t\t\t\t<\/a>\n\t\t\t\t<\/span>\n\t\t\t\t\t<\/div>\n\t\t\t\t\t\t<\/div>\n\t\t\t\t<\/div>\n\t\t\t\t\t<\/div>\n\t\t\t\t<\/div>\n\t\t\t\t<\/div>\n\t\t","protected":false},"excerpt":{"rendered":"<div class=\"entry-summary\">\nTiest\u00f6n kes\u00e4kunnossapito \u2013 Palvelemme tiekuntia, yksityisi\u00e4 ja suurempia tieverkon yll\u00e4pit\u00e4ji\u00e4 Tarjoamme kattavat tiest\u00f6n kes\u00e4kunnossapitopalvelut Etel\u00e4-Kymenlaakson ja it\u00e4isen Uudenmaan alueella. Asiakkaitamme&hellip;\n<\/div>\n<div class=\"link-more\"><a href=\"https:\/\/hongistonkonetyo.fi\/?page_id=296\" class=\"more-link\">Continue reading<span class=\"screen-reader-text\"> &ldquo;Tiest\u00f6n kes\u00e4kunnossapito&rdquo;<\/span>&hellip;<\/a><\/div>\n","protected":false},"author":1,"featured_media":0,"parent":0,"menu_order":0,"comment_status":"closed","ping_status":"closed","template":"","meta":{"footnotes":""},"class_list":["post-296","page","type-page","status-publish","hentry","entry"],"yoast_head":"<!-- This site is optimized with the Yoast SEO plugin v24.7 - https:\/\/yoast.com\/wordpress\/plugins\/seo\/ -->\n<title>Tiest\u00f6n kes\u00e4kunnossapito - Erikoista koneurakointia Pyht\u00e4\u00e4lt\u00e4<\/title>\n<meta name=\"robots\" content=\"index, follow, max-snippet:-1, max-image-preview:large, max-video-preview:-1\" \/>\n<link rel=\"canonical\" href=\"https:\/\/hongistonkonetyo.fi\/?page_id=296\" \/>\n<meta property=\"og:locale\" content=\"fi_FI\" \/>\n<meta property=\"og:type\" content=\"article\" \/>\n<meta property=\"og:title\" content=\"Tiest\u00f6n kes\u00e4kunnossapito - Erikoista koneurakointia Pyht\u00e4\u00e4lt\u00e4\" \/>\n<meta property=\"og:description\" content=\"Tiest\u00f6n kes\u00e4kunnossapito \u2013 Palvelemme tiekuntia, yksityisi\u00e4 ja suurempia tieverkon yll\u00e4pit\u00e4ji\u00e4 Tarjoamme kattavat tiest\u00f6n kes\u00e4kunnossapitopalvelut Etel\u00e4-Kymenlaakson ja it\u00e4isen Uudenmaan alueella. Asiakkaitamme&hellip; Continue reading &ldquo;Tiest\u00f6n kes\u00e4kunnossapito&rdquo;&hellip;\" \/>\n<meta property=\"og:url\" content=\"https:\/\/hongistonkonetyo.fi\/?page_id=296\" \/>\n<meta property=\"og:site_name\" content=\"Erikoista koneurakointia Pyht\u00e4\u00e4lt\u00e4\" \/>\n<meta property=\"article:modified_time\" content=\"2025-04-02T13:17:09+00:00\" \/>\n<meta property=\"og:image\" content=\"https:\/\/hongistonkonetyo.fi\/wp-content\/uploads\/2025\/03\/IMG_0594-scaled.jpg\" \/>\n\t<meta property=\"og:image:width\" content=\"2560\" \/>\n\t<meta property=\"og:image:height\" content=\"1707\" \/>\n\t<meta property=\"og:image:type\" content=\"image\/jpeg\" \/>\n<meta name=\"twitter:card\" content=\"summary_large_image\" \/>\n<meta name=\"twitter:label1\" content=\"Arvioitu lukuaika\" \/>\n\t<meta name=\"twitter:data1\" content=\"2 minuuttia\" \/>\n<script type=\"application\/ld+json\" class=\"yoast-schema-graph\">{\"@context\":\"https:\/\/schema.org\",\"@graph\":[{\"@type\":\"WebPage\",\"@id\":\"https:\/\/hongistonkonetyo.fi\/?page_id=296\",\"url\":\"https:\/\/hongistonkonetyo.fi\/?page_id=296\",\"name\":\"Tiest\u00f6n kes\u00e4kunnossapito - Erikoista koneurakointia Pyht\u00e4\u00e4lt\u00e4\",\"isPartOf\":{\"@id\":\"https:\/\/hongistonkonetyo.fi\/#website\"},\"primaryImageOfPage\":{\"@id\":\"https:\/\/hongistonkonetyo.fi\/?page_id=296#primaryimage\"},\"image\":{\"@id\":\"https:\/\/hongistonkonetyo.fi\/?page_id=296#primaryimage\"},\"thumbnailUrl\":\"https:\/\/hongistonkonetyo.fi\/wp-content\/uploads\/2025\/03\/IMG_0594-1024x683.jpg\",\"datePublished\":\"2025-03-26T09:48:03+00:00\",\"dateModified\":\"2025-04-02T13:17:09+00:00\",\"breadcrumb\":{\"@id\":\"https:\/\/hongistonkonetyo.fi\/?page_id=296#breadcrumb\"},\"inLanguage\":\"fi\",\"potentialAction\":[{\"@type\":\"ReadAction\",\"target\":[\"https:\/\/hongistonkonetyo.fi\/?page_id=296\"]}]},{\"@type\":\"ImageObject\",\"inLanguage\":\"fi\",\"@id\":\"https:\/\/hongistonkonetyo.fi\/?page_id=296#primaryimage\",\"url\":\"https:\/\/hongistonkonetyo.fi\/wp-content\/uploads\/2025\/03\/IMG_0594-scaled.jpg\",\"contentUrl\":\"https:\/\/hongistonkonetyo.fi\/wp-content\/uploads\/2025\/03\/IMG_0594-scaled.jpg\",\"width\":2560,\"height\":1707},{\"@type\":\"BreadcrumbList\",\"@id\":\"https:\/\/hongistonkonetyo.fi\/?page_id=296#breadcrumb\",\"itemListElement\":[{\"@type\":\"ListItem\",\"position\":1,\"name\":\"Etusivu\",\"item\":\"https:\/\/hongistonkonetyo.fi\/\"},{\"@type\":\"ListItem\",\"position\":2,\"name\":\"Tiest\u00f6n kes\u00e4kunnossapito\"}]},{\"@type\":\"WebSite\",\"@id\":\"https:\/\/hongistonkonetyo.fi\/#website\",\"url\":\"https:\/\/hongistonkonetyo.fi\/\",\"name\":\"Erikoista koneurakointia Pyht\u00e4\u00e4lt\u00e4\",\"description\":\"Merelt\u00e4 mets\u00e4\u00e4n. \",\"publisher\":{\"@id\":\"https:\/\/hongistonkonetyo.fi\/#organization\"},\"potentialAction\":[{\"@type\":\"SearchAction\",\"target\":{\"@type\":\"EntryPoint\",\"urlTemplate\":\"https:\/\/hongistonkonetyo.fi\/?s={search_term_string}\"},\"query-input\":{\"@type\":\"PropertyValueSpecification\",\"valueRequired\":true,\"valueName\":\"search_term_string\"}}],\"inLanguage\":\"fi\"},{\"@type\":\"Organization\",\"@id\":\"https:\/\/hongistonkonetyo.fi\/#organization\",\"name\":\"Erikoista koneurakointia Pyht\u00e4\u00e4lt\u00e4\",\"url\":\"https:\/\/hongistonkonetyo.fi\/\",\"logo\":{\"@type\":\"ImageObject\",\"inLanguage\":\"fi\",\"@id\":\"https:\/\/hongistonkonetyo.fi\/#\/schema\/logo\/image\/\",\"url\":\"https:\/\/hongistonkonetyo.fi\/wp-content\/uploads\/2025\/03\/HKlogo_2_valko-edited.png\",\"contentUrl\":\"https:\/\/hongistonkonetyo.fi\/wp-content\/uploads\/2025\/03\/HKlogo_2_valko-edited.png\",\"width\":2000,\"height\":1125,\"caption\":\"Erikoista koneurakointia Pyht\u00e4\u00e4lt\u00e4\"},\"image\":{\"@id\":\"https:\/\/hongistonkonetyo.fi\/#\/schema\/logo\/image\/\"}}]}<\/script>\n<!-- \/ Yoast SEO plugin. -->","yoast_head_json":{"title":"Tiest\u00f6n kes\u00e4kunnossapito - Erikoista koneurakointia Pyht\u00e4\u00e4lt\u00e4","robots":{"index":"index","follow":"follow","max-snippet":"max-snippet:-1","max-image-preview":"max-image-preview:large","max-video-preview":"max-video-preview:-1"},"canonical":"https:\/\/hongistonkonetyo.fi\/?page_id=296","og_locale":"fi_FI","og_type":"article","og_title":"Tiest\u00f6n kes\u00e4kunnossapito - Erikoista koneurakointia Pyht\u00e4\u00e4lt\u00e4","og_description":"Tiest\u00f6n kes\u00e4kunnossapito \u2013 Palvelemme tiekuntia, yksityisi\u00e4 ja suurempia tieverkon yll\u00e4pit\u00e4ji\u00e4 Tarjoamme kattavat tiest\u00f6n kes\u00e4kunnossapitopalvelut Etel\u00e4-Kymenlaakson ja it\u00e4isen Uudenmaan alueella. Asiakkaitamme&hellip; Continue reading &ldquo;Tiest\u00f6n kes\u00e4kunnossapito&rdquo;&hellip;","og_url":"https:\/\/hongistonkonetyo.fi\/?page_id=296","og_site_name":"Erikoista koneurakointia Pyht\u00e4\u00e4lt\u00e4","article_modified_time":"2025-04-02T13:17:09+00:00","og_image":[{"width":2560,"height":1707,"url":"https:\/\/hongistonkonetyo.fi\/wp-content\/uploads\/2025\/03\/IMG_0594-scaled.jpg","type":"image\/jpeg"}],"twitter_card":"summary_large_image","twitter_misc":{"Arvioitu lukuaika":"2 minuuttia"},"schema":{"@context":"https:\/\/schema.org","@graph":[{"@type":"WebPage","@id":"https:\/\/hongistonkonetyo.fi\/?page_id=296","url":"https:\/\/hongistonkonetyo.fi\/?page_id=296","name":"Tiest\u00f6n kes\u00e4kunnossapito - Erikoista koneurakointia Pyht\u00e4\u00e4lt\u00e4","isPartOf":{"@id":"https:\/\/hongistonkonetyo.fi\/#website"},"primaryImageOfPage":{"@id":"https:\/\/hongistonkonetyo.fi\/?page_id=296#primaryimage"},"image":{"@id":"https:\/\/hongistonkonetyo.fi\/?page_id=296#primaryimage"},"thumbnailUrl":"https:\/\/hongistonkonetyo.fi\/wp-content\/uploads\/2025\/03\/IMG_0594-1024x683.jpg","datePublished":"2025-03-26T09:48:03+00:00","dateModified":"2025-04-02T13:17:09+00:00","breadcrumb":{"@id":"https:\/\/hongistonkonetyo.fi\/?page_id=296#breadcrumb"},"inLanguage":"fi","potentialAction":[{"@type":"ReadAction","target":["https:\/\/hongistonkonetyo.fi\/?page_id=296"]}]},{"@type":"ImageObject","inLanguage":"fi","@id":"https:\/\/hongistonkonetyo.fi\/?page_id=296#primaryimage","url":"https:\/\/hongistonkonetyo.fi\/wp-content\/uploads\/2025\/03\/IMG_0594-scaled.jpg","contentUrl":"https:\/\/hongistonkonetyo.fi\/wp-content\/uploads\/2025\/03\/IMG_0594-scaled.jpg","width":2560,"height":1707},{"@type":"BreadcrumbList","@id":"https:\/\/hongistonkonetyo.fi\/?page_id=296#breadcrumb","itemListElement":[{"@type":"ListItem","position":1,"name":"Etusivu","item":"https:\/\/hongistonkonetyo.fi\/"},{"@type":"ListItem","position":2,"name":"Tiest\u00f6n kes\u00e4kunnossapito"}]},{"@type":"WebSite","@id":"https:\/\/hongistonkonetyo.fi\/#website","url":"https:\/\/hongistonkonetyo.fi\/","name":"Erikoista koneurakointia Pyht\u00e4\u00e4lt\u00e4","description":"Merelt\u00e4 mets\u00e4\u00e4n. ","publisher":{"@id":"https:\/\/hongistonkonetyo.fi\/#organization"},"potentialAction":[{"@type":"SearchAction","target":{"@type":"EntryPoint","urlTemplate":"https:\/\/hongistonkonetyo.fi\/?s={search_term_string}"},"query-input":{"@type":"PropertyValueSpecification","valueRequired":true,"valueName":"search_term_string"}}],"inLanguage":"fi"},{"@type":"Organization","@id":"https:\/\/hongistonkonetyo.fi\/#organization","name":"Erikoista koneurakointia Pyht\u00e4\u00e4lt\u00e4","url":"https:\/\/hongistonkonetyo.fi\/","logo":{"@type":"ImageObject","inLanguage":"fi","@id":"https:\/\/hongistonkonetyo.fi\/#\/schema\/logo\/image\/","url":"https:\/\/hongistonkonetyo.fi\/wp-content\/uploads\/2025\/03\/HKlogo_2_valko-edited.png","contentUrl":"https:\/\/hongistonkonetyo.fi\/wp-content\/uploads\/2025\/03\/HKlogo_2_valko-edited.png","width":2000,"height":1125,"caption":"Erikoista koneurakointia Pyht\u00e4\u00e4lt\u00e4"},"image":{"@id":"https:\/\/hongistonkonetyo.fi\/#\/schema\/logo\/image\/"}}]}},"_links":{"self":[{"href":"https:\/\/hongistonkonetyo.fi\/index.php?rest_route=\/wp\/v2\/pages\/296","targetHints":{"allow":["GET"]}}],"collection":[{"href":"https:\/\/hongistonkonetyo.fi\/index.php?rest_route=\/wp\/v2\/pages"}],"about":[{"href":"https:\/\/hongistonkonetyo.fi\/index.php?rest_route=\/wp\/v2\/types\/page"}],"author":[{"embeddable":true,"href":"https:\/\/hongistonkonetyo.fi\/index.php?rest_route=\/wp\/v2\/users\/1"}],"replies":[{"embeddable":true,"href":"https:\/\/hongistonkonetyo.fi\/index.php?rest_route=%2Fwp%2Fv2%2Fcomments&post=296"}],"version-history":[{"count":20,"href":"https:\/\/hongistonkonetyo.fi\/index.php?rest_route=\/wp\/v2\/pages\/296\/revisions"}],"predecessor-version":[{"id":670,"href":"https:\/\/hongistonkonetyo.fi\/index.php?rest_route=\/wp\/v2\/pages\/296\/revisions\/670"}],"wp:attachment":[{"href":"https:\/\/hongistonkonetyo.fi\/index.php?rest_route=%2Fwp%2Fv2%2Fmedia&parent=296"}],"curies":[{"name":"wp","href":"https:\/\/api.w.org\/{rel}","templated":true}]}}