{"id":293,"date":"2025-03-26T09:48:03","date_gmt":"2025-03-26T09:48:03","guid":{"rendered":"https:\/\/hongistonkonetyo.fi\/?page_id=293"},"modified":"2025-03-28T16:30:41","modified_gmt":"2025-03-28T16:30:41","slug":"kosteikot-2","status":"publish","type":"page","link":"https:\/\/hongistonkonetyo.fi\/?page_id=293","title":{"rendered":"Kosteikkorakentaminen"},"content":{"rendered":"\t\t<div data-elementor-type=\"wp-page\" data-elementor-id=\"293\" class=\"elementor elementor-293\">\n\t\t\t\t<div class=\"elementor-element elementor-element-5178cd9c e-flex e-con-boxed e-con e-parent\" data-id=\"5178cd9c\" data-element_type=\"container\">\n\t\t\t\t\t<div class=\"e-con-inner\">\n\t\t\t\t<div class=\"elementor-element elementor-element-4353b25 elementor-widget elementor-widget-text-editor\" data-id=\"4353b25\" data-element_type=\"widget\" data-widget_type=\"text-editor.default\">\n\t\t\t\t<div class=\"elementor-widget-container\">\n\t\t\t\t\t\t\t\t\t<h2><span style=\"color: #4cafe7;\">Kosteikkorakentaminen<\/span><\/h2>\n<h3>Kosteikkorakentaminen<\/h3>\n<h3>\u2013 suunnittelu, toteutus ja yll\u00e4pito luonnon ehdoilla<\/h3>\n<p class=\"\" data-start=\"241\" data-end=\"471\">Tarjoamme kattavat kosteikkorakentamisen palvelut Etel\u00e4-Kymenlaakson, it\u00e4isen Uudenmaan ja Kaakkois-Suomen alueilla. Toteutamme kosteikkokohteet alusta loppuun \u2013 esikartoituksesta suunnitteluun, rakentamiseen ja yll\u00e4pitoon saakka.<\/p>\n<p class=\"\" data-start=\"473\" data-end=\"816\">Toimimme erityisesti seuraavilla alueilla: Helsinki, Sipoo, Porvoo, Loviisa, Lapinj\u00e4rvi, Myrskyl\u00e4, Askola, Pukkila, Pornainen, M\u00e4nts\u00e4l\u00e4, Kouvola, Iitti, Pyht\u00e4\u00e4, Kotka, Hamina, Virolahti ja Miehikk\u00e4l\u00e4. Palvelemme my\u00f6s laajemmin Uudenmaan ja Kymenlaakson maaseutualueilla, aina it\u00e4rajalle ja noin sadan kilometrin s\u00e4teell\u00e4 rannikolta pohjoiseen.<\/p>\n<p class=\"\" data-start=\"818\" data-end=\"1015\">Palvelumme soveltuvat niin yksityisille maanomistajille kuin yhdistyksille, j\u00e4rjest\u00f6ille ja julkisille toimijoille. Toimimme aina luonnon ehdoilla ja huomioimme luontoarvot jokaisessa ty\u00f6vaiheessa.<\/p>\n<h3 class=\"wp-block-heading\">Kosteikkorakentamisen ja ennallistamisen palvelut<\/h3>\n<ul class=\"wp-block-list\">\n<li><strong>Kohteiden kartoitus ja yksinkertaisten suunnitelmien sek\u00e4 luonnosten laatiminen<\/strong>\u00a0asiakkaan ja sidosryhmien kanssa<\/li>\n<li><strong>Ty\u00f6alueiden valmistelu<\/strong>, kuten puuston raivaus tai murskaus tarvittaessa<\/li>\n<li><strong>Ruovikoiden murskaus tai korjuu<\/strong>\u00a0ennen kaivut\u00f6it\u00e4<\/li>\n<li><strong>Kosteikkojen kaivuu ja maisemointi<\/strong>\u00a0pienen pintapaineen koneilla<\/li>\n<li><strong>Padot, altaat, virtausreitit ja allikoinnit<\/strong>\u00a0suunnitelmien mukaisesti<\/li>\n<li><strong>Ruoppaukset ja rantojen rakentaminen<\/strong><\/li>\n<li><strong>Toteutuksen aikainen dokumentointi ja raportointi<\/strong><\/li>\n<li><strong>Uomien ja soiden ennallistamisty\u00f6t<\/strong>\u00a0alkuper\u00e4isen vesitalouden palauttamiseksi<\/li>\n<li><strong>Yll\u00e4pitoty\u00f6t<\/strong>: kasvillisuuden hallinta, rakenteiden huolto, padot ja virtausten s\u00e4\u00e4t\u00f6<\/li>\n<\/ul>\n<h3 class=\"wp-block-heading\">K\u00e4yt\u00f6ss\u00e4 oleva kalusto<\/h3>\n<ul class=\"wp-block-list\">\n<li><strong>Leve\u00e4telaiset telakaivinkoneet<\/strong>, jotka soveltuvat pehmeille ja herkille alustoille<\/li>\n<li><strong>Kaksi pitk\u00e4puomista telaponttoonikaivinkonetta<\/strong>, erityisesti vesirakentamiseen, kosteikkohankkeille ja pehmeik\u00f6ille<\/li>\n<li><strong>Ketju- ja kelamurskaimet sek\u00e4 energiapuukourat<\/strong>\u00a0puuston ja ruovikon poistoon<\/li>\n<li><strong>Drone<\/strong>\u00a0kohteiden kartoitukseen ja etenemisen seurantaan<\/li>\n<\/ul>\n<h3 class=\"wp-block-heading\">Miksi valita meid\u00e4t kosteikkorakentamiseen?<\/h3>\n<ul class=\"wp-block-list\">\n<li>Toteutamme kosteikot\u00a0<strong>alusta loppuun \u2013 suunnittelusta yll\u00e4pitoon<\/strong><\/li>\n<li>K\u00e4yt\u00f6ss\u00e4mme on\u00a0<strong>kalusto, joka ei riko maapohjaa<\/strong>, soveltuu pehmeille alueille ja toimii vedess\u00e4<\/li>\n<li><strong>Luontoarvot ja maisema otetaan huomioon<\/strong>\u00a0kaikessa toiminnassamme<\/li>\n<li>Dokumentoimme ja raportoimme ty\u00f6n etenemist\u00e4 asiakkaalle<\/li>\n<li>Pitk\u00e4 kokemus maanrakennuksesta, vesirakentamisesta ja haastavista ymp\u00e4rist\u00f6ist\u00e4<\/li>\n<\/ul>\n<p><strong>Ota yhteytt\u00e4 ja tehd\u00e4\u00e4n yhdess\u00e4 toimiva ja kest\u00e4v\u00e4 kosteikkoratkaisu!<\/strong>.<\/p>\n<p><!-- \/wp:paragraph --><!-- wp:image {\"id\":396,\"sizeSlug\":\"large\",\"linkDestination\":\"none\"} --><!-- \/wp:image --><\/p>\t\t\t\t\t\t\t\t<\/div>\n\t\t\t\t<\/div>\n\t\t\t\t\t<\/div>\n\t\t\t\t<\/div>\n\t\t<div class=\"elementor-element elementor-element-aa963f2 e-flex e-con-boxed e-con e-parent\" data-id=\"aa963f2\" data-element_type=\"container\">\n\t\t\t\t\t<div class=\"e-con-inner\">\n\t\t\t\t<div class=\"elementor-element elementor-element-f97ebf5 elementor-widget elementor-widget-image\" data-id=\"f97ebf5\" data-element_type=\"widget\" data-widget_type=\"image.default\">\n\t\t\t\t<div class=\"elementor-widget-container\">\n\t\t\t\t\t\t\t\t\t\t\t\t\t\t\t<img fetchpriority=\"high\" decoding=\"async\" width=\"1024\" height=\"576\" src=\"https:\/\/hongistonkonetyo.fi\/wp-content\/uploads\/2025\/03\/DJI_0716-1024x576.jpg\" class=\"attachment-large size-large wp-image-396\" alt=\"\" srcset=\"https:\/\/hongistonkonetyo.fi\/wp-content\/uploads\/2025\/03\/DJI_0716-1024x576.jpg 1024w, https:\/\/hongistonkonetyo.fi\/wp-content\/uploads\/2025\/03\/DJI_0716-300x169.jpg 300w, https:\/\/hongistonkonetyo.fi\/wp-content\/uploads\/2025\/03\/DJI_0716-768x432.jpg 768w, https:\/\/hongistonkonetyo.fi\/wp-content\/uploads\/2025\/03\/DJI_0716-1536x864.jpg 1536w, https:\/\/hongistonkonetyo.fi\/wp-content\/uploads\/2025\/03\/DJI_0716-2048x1152.jpg 2048w, https:\/\/hongistonkonetyo.fi\/wp-content\/uploads\/2025\/03\/DJI_0716-1920x1080.jpg 1920w\" sizes=\"(max-width: 1024px) 100vw, 1024px\" \/>\t\t\t\t\t\t\t\t\t\t\t\t\t\t\t<\/div>\n\t\t\t\t<\/div>\n\t\t\t\t<div class=\"elementor-element elementor-element-7e5ffae elementor-widget elementor-widget-text-editor\" data-id=\"7e5ffae\" data-element_type=\"widget\" data-widget_type=\"text-editor.default\">\n\t\t\t\t<div class=\"elementor-widget-container\">\n\t\t\t\t\t\t\t\t\t<figure class=\"wp-block-image size-large\">\n<figcaption class=\"wp-element-caption\">It\u00e4rannan kosteikko, Kotka<\/figcaption>\n<\/figure>\n<p><!-- \/wp:image --><!-- wp:image {\"id\":397,\"sizeSlug\":\"large\",\"linkDestination\":\"none\"} --><\/p>\t\t\t\t\t\t\t\t<\/div>\n\t\t\t\t<\/div>\n\t\t\t\t\t<\/div>\n\t\t\t\t<\/div>\n\t\t<div class=\"elementor-element elementor-element-7c9355f e-flex e-con-boxed e-con e-parent\" data-id=\"7c9355f\" data-element_type=\"container\">\n\t\t\t\t\t<div class=\"e-con-inner\">\n\t\t\t\t<div class=\"elementor-element elementor-element-f0266fd elementor-widget elementor-widget-image\" data-id=\"f0266fd\" data-element_type=\"widget\" data-widget_type=\"image.default\">\n\t\t\t\t<div class=\"elementor-widget-container\">\n\t\t\t\t\t\t\t\t\t\t\t\t\t\t\t<img decoding=\"async\" width=\"1024\" height=\"576\" src=\"https:\/\/hongistonkonetyo.fi\/wp-content\/uploads\/2025\/03\/DJI_0633-1024x576.jpg\" class=\"attachment-large size-large wp-image-397\" alt=\"\" srcset=\"https:\/\/hongistonkonetyo.fi\/wp-content\/uploads\/2025\/03\/DJI_0633-1024x576.jpg 1024w, https:\/\/hongistonkonetyo.fi\/wp-content\/uploads\/2025\/03\/DJI_0633-300x169.jpg 300w, https:\/\/hongistonkonetyo.fi\/wp-content\/uploads\/2025\/03\/DJI_0633-768x432.jpg 768w, https:\/\/hongistonkonetyo.fi\/wp-content\/uploads\/2025\/03\/DJI_0633-1536x864.jpg 1536w, https:\/\/hongistonkonetyo.fi\/wp-content\/uploads\/2025\/03\/DJI_0633-2048x1152.jpg 2048w, https:\/\/hongistonkonetyo.fi\/wp-content\/uploads\/2025\/03\/DJI_0633-1920x1080.jpg 1920w\" sizes=\"(max-width: 1024px) 100vw, 1024px\" \/>\t\t\t\t\t\t\t\t\t\t\t\t\t\t\t<\/div>\n\t\t\t\t<\/div>\n\t\t\t\t<div class=\"elementor-element elementor-element-ae2cb40 elementor-widget elementor-widget-text-editor\" data-id=\"ae2cb40\" data-element_type=\"widget\" data-widget_type=\"text-editor.default\">\n\t\t\t\t<div class=\"elementor-widget-container\">\n\t\t\t\t\t\t\t\t\t<p>Hanaholman allikointi, Hamina<\/p>\t\t\t\t\t\t\t\t<\/div>\n\t\t\t\t<\/div>\n\t\t\t\t\t<\/div>\n\t\t\t\t<\/div>\n\t\t<div class=\"elementor-element elementor-element-e59fb6d e-flex e-con-boxed e-con e-parent\" data-id=\"e59fb6d\" data-element_type=\"container\">\n\t\t\t\t\t<div class=\"e-con-inner\">\n\t\t\t\t<div class=\"elementor-element elementor-element-365a869 elementor-shape-rounded elementor-grid-0 e-grid-align-center elementor-widget elementor-widget-social-icons\" data-id=\"365a869\" data-element_type=\"widget\" data-widget_type=\"social-icons.default\">\n\t\t\t\t<div class=\"elementor-widget-container\">\n\t\t\t\t\t\t\t<div class=\"elementor-social-icons-wrapper elementor-grid\">\n\t\t\t\t\t\t\t<span class=\"elementor-grid-item\">\n\t\t\t\t\t<a class=\"elementor-icon elementor-social-icon elementor-social-icon-facebook elementor-repeater-item-d71cce4\" href=\"https:\/\/www.facebook.com\/HongistonKonetyo\" target=\"_blank\">\n\t\t\t\t\t\t<span class=\"elementor-screen-only\">Facebook<\/span>\n\t\t\t\t\t\t<svg class=\"e-font-icon-svg e-fab-facebook\" viewBox=\"0 0 512 512\" xmlns=\"http:\/\/www.w3.org\/2000\/svg\"><path d=\"M504 256C504 119 393 8 256 8S8 119 8 256c0 123.78 90.69 226.38 209.25 245V327.69h-63V256h63v-54.64c0-62.15 37-96.48 93.67-96.48 27.14 0 55.52 4.84 55.52 4.84v61h-31.28c-30.8 0-40.41 19.12-40.41 38.73V256h68.78l-11 71.69h-57.78V501C413.31 482.38 504 379.78 504 256z\"><\/path><\/svg>\t\t\t\t\t<\/a>\n\t\t\t\t<\/span>\n\t\t\t\t\t\t\t<span class=\"elementor-grid-item\">\n\t\t\t\t\t<a class=\"elementor-icon elementor-social-icon elementor-social-icon-linkedin elementor-repeater-item-60ab487\" href=\"https:\/\/www.linkedin.com\/company\/hongiston-konety%C3%B6-oy\" target=\"_blank\">\n\t\t\t\t\t\t<span class=\"elementor-screen-only\">Linkedin<\/span>\n\t\t\t\t\t\t<svg class=\"e-font-icon-svg e-fab-linkedin\" viewBox=\"0 0 448 512\" xmlns=\"http:\/\/www.w3.org\/2000\/svg\"><path d=\"M416 32H31.9C14.3 32 0 46.5 0 64.3v383.4C0 465.5 14.3 480 31.9 480H416c17.6 0 32-14.5 32-32.3V64.3c0-17.8-14.4-32.3-32-32.3zM135.4 416H69V202.2h66.5V416zm-33.2-243c-21.3 0-38.5-17.3-38.5-38.5S80.9 96 102.2 96c21.2 0 38.5 17.3 38.5 38.5 0 21.3-17.2 38.5-38.5 38.5zm282.1 243h-66.4V312c0-24.8-.5-56.7-34.5-56.7-34.6 0-39.9 27-39.9 54.9V416h-66.4V202.2h63.7v29.2h.9c8.9-16.8 30.6-34.5 62.9-34.5 67.2 0 79.7 44.3 79.7 101.9V416z\"><\/path><\/svg>\t\t\t\t\t<\/a>\n\t\t\t\t<\/span>\n\t\t\t\t\t\t\t<span class=\"elementor-grid-item\">\n\t\t\t\t\t<a class=\"elementor-icon elementor-social-icon elementor-social-icon-whatsapp elementor-repeater-item-edfd13b\" href=\"https:\/\/wa.me\/358504351927?text=Hei%2C%20minulla%20olisi%20kysytt\u00e4v\u00e4\u00e4\" target=\"_blank\">\n\t\t\t\t\t\t<span class=\"elementor-screen-only\">Whatsapp<\/span>\n\t\t\t\t\t\t<svg class=\"e-font-icon-svg e-fab-whatsapp\" viewBox=\"0 0 448 512\" xmlns=\"http:\/\/www.w3.org\/2000\/svg\"><path d=\"M380.9 97.1C339 55.1 283.2 32 223.9 32c-122.4 0-222 99.6-222 222 0 39.1 10.2 77.3 29.6 111L0 480l117.7-30.9c32.4 17.7 68.9 27 106.1 27h.1c122.3 0 224.1-99.6 224.1-222 0-59.3-25.2-115-67.1-157zm-157 341.6c-33.2 0-65.7-8.9-94-25.7l-6.7-4-69.8 18.3L72 359.2l-4.4-7c-18.5-29.4-28.2-63.3-28.2-98.2 0-101.7 82.8-184.5 184.6-184.5 49.3 0 95.6 19.2 130.4 54.1 34.8 34.9 56.2 81.2 56.1 130.5 0 101.8-84.9 184.6-186.6 184.6zm101.2-138.2c-5.5-2.8-32.8-16.2-37.9-18-5.1-1.9-8.8-2.8-12.5 2.8-3.7 5.6-14.3 18-17.6 21.8-3.2 3.7-6.5 4.2-12 1.4-32.6-16.3-54-29.1-75.5-66-5.7-9.8 5.7-9.1 16.3-30.3 1.8-3.7.9-6.9-.5-9.7-1.4-2.8-12.5-30.1-17.1-41.2-4.5-10.8-9.1-9.3-12.5-9.5-3.2-.2-6.9-.2-10.6-.2-3.7 0-9.7 1.4-14.8 6.9-5.1 5.6-19.4 19-19.4 46.3 0 27.3 19.9 53.7 22.6 57.4 2.8 3.7 39.1 59.7 94.8 83.8 35.2 15.2 49 16.5 66.6 13.9 10.7-1.6 32.8-13.4 37.4-26.4 4.6-13 4.6-24.1 3.2-26.4-1.3-2.5-5-3.9-10.5-6.6z\"><\/path><\/svg>\t\t\t\t\t<\/a>\n\t\t\t\t<\/span>\n\t\t\t\t\t\t\t<span class=\"elementor-grid-item\">\n\t\t\t\t\t<a class=\"elementor-icon elementor-social-icon elementor-social-icon-phone elementor-repeater-item-cfd9abd\" href=\"tel:+358504351927\" target=\"_blank\">\n\t\t\t\t\t\t<span class=\"elementor-screen-only\">Phone<\/span>\n\t\t\t\t\t\t<svg class=\"e-font-icon-svg e-fas-phone\" viewBox=\"0 0 512 512\" xmlns=\"http:\/\/www.w3.org\/2000\/svg\"><path d=\"M493.4 24.6l-104-24c-11.3-2.6-22.9 3.3-27.5 13.9l-48 112c-4.2 9.8-1.4 21.3 6.9 28l60.6 49.6c-36 76.7-98.9 140.5-177.2 177.2l-49.6-60.6c-6.8-8.3-18.2-11.1-28-6.9l-112 48C3.9 366.5-2 378.1.6 389.4l24 104C27.1 504.2 36.7 512 48 512c256.1 0 464-207.5 464-464 0-11.2-7.7-20.9-18.6-23.4z\"><\/path><\/svg>\t\t\t\t\t<\/a>\n\t\t\t\t<\/span>\n\t\t\t\t\t\t\t<span class=\"elementor-grid-item\">\n\t\t\t\t\t<a class=\"elementor-icon elementor-social-icon elementor-social-icon-envelope elementor-repeater-item-53fdd1d\" href=\"mailto:arttu.hongisto@pp.inet.fi\" target=\"_blank\">\n\t\t\t\t\t\t<span class=\"elementor-screen-only\">Envelope<\/span>\n\t\t\t\t\t\t<svg class=\"e-font-icon-svg e-far-envelope\" viewBox=\"0 0 512 512\" xmlns=\"http:\/\/www.w3.org\/2000\/svg\"><path d=\"M464 64H48C21.49 64 0 85.49 0 112v288c0 26.51 21.49 48 48 48h416c26.51 0 48-21.49 48-48V112c0-26.51-21.49-48-48-48zm0 48v40.805c-22.422 18.259-58.168 46.651-134.587 106.49-16.841 13.247-50.201 45.072-73.413 44.701-23.208.375-56.579-31.459-73.413-44.701C106.18 199.465 70.425 171.067 48 152.805V112h416zM48 400V214.398c22.914 18.251 55.409 43.862 104.938 82.646 21.857 17.205 60.134 55.186 103.062 54.955 42.717.231 80.509-37.199 103.053-54.947 49.528-38.783 82.032-64.401 104.947-82.653V400H48z\"><\/path><\/svg>\t\t\t\t\t<\/a>\n\t\t\t\t<\/span>\n\t\t\t\t\t<\/div>\n\t\t\t\t\t\t<\/div>\n\t\t\t\t<\/div>\n\t\t\t\t\t<\/div>\n\t\t\t\t<\/div>\n\t\t\t\t<\/div>\n\t\t","protected":false},"excerpt":{"rendered":"<div class=\"entry-summary\">\nKosteikkorakentaminen Kosteikkorakentaminen \u2013 suunnittelu, toteutus ja yll\u00e4pito luonnon ehdoilla Tarjoamme kattavat kosteikkorakentamisen palvelut Etel\u00e4-Kymenlaakson, it\u00e4isen Uudenmaan ja Kaakkois-Suomen alueilla. Toteutamme&hellip;\n<\/div>\n<div class=\"link-more\"><a href=\"https:\/\/hongistonkonetyo.fi\/?page_id=293\" class=\"more-link\">Continue reading<span class=\"screen-reader-text\"> &ldquo;Kosteikkorakentaminen&rdquo;<\/span>&hellip;<\/a><\/div>\n","protected":false},"author":1,"featured_media":0,"parent":0,"menu_order":0,"comment_status":"closed","ping_status":"closed","template":"","meta":{"footnotes":""},"class_list":["post-293","page","type-page","status-publish","hentry","entry"],"yoast_head":"<!-- This site is optimized with the Yoast SEO plugin v24.7 - https:\/\/yoast.com\/wordpress\/plugins\/seo\/ -->\n<title>Kosteikkorakentaminen - Erikoista koneurakointia Pyht\u00e4\u00e4lt\u00e4<\/title>\n<meta name=\"robots\" content=\"index, follow, max-snippet:-1, max-image-preview:large, max-video-preview:-1\" \/>\n<link rel=\"canonical\" href=\"https:\/\/hongistonkonetyo.fi\/?page_id=293\" \/>\n<meta property=\"og:locale\" content=\"fi_FI\" \/>\n<meta property=\"og:type\" content=\"article\" \/>\n<meta property=\"og:title\" content=\"Kosteikkorakentaminen - Erikoista koneurakointia Pyht\u00e4\u00e4lt\u00e4\" \/>\n<meta property=\"og:description\" content=\"Kosteikkorakentaminen Kosteikkorakentaminen \u2013 suunnittelu, toteutus ja yll\u00e4pito luonnon ehdoilla Tarjoamme kattavat kosteikkorakentamisen palvelut Etel\u00e4-Kymenlaakson, it\u00e4isen Uudenmaan ja Kaakkois-Suomen alueilla. Toteutamme&hellip; Continue reading &ldquo;Kosteikkorakentaminen&rdquo;&hellip;\" \/>\n<meta property=\"og:url\" content=\"https:\/\/hongistonkonetyo.fi\/?page_id=293\" \/>\n<meta property=\"og:site_name\" content=\"Erikoista koneurakointia Pyht\u00e4\u00e4lt\u00e4\" \/>\n<meta property=\"article:modified_time\" content=\"2025-03-28T16:30:41+00:00\" \/>\n<meta property=\"og:image\" content=\"https:\/\/hongistonkonetyo.fi\/wp-content\/uploads\/2025\/03\/DJI_0716-scaled.jpg\" \/>\n\t<meta property=\"og:image:width\" content=\"2560\" \/>\n\t<meta property=\"og:image:height\" content=\"1440\" \/>\n\t<meta property=\"og:image:type\" content=\"image\/jpeg\" \/>\n<meta name=\"twitter:card\" content=\"summary_large_image\" \/>\n<meta name=\"twitter:label1\" content=\"Arvioitu lukuaika\" \/>\n\t<meta name=\"twitter:data1\" content=\"2 minuuttia\" \/>\n<script type=\"application\/ld+json\" class=\"yoast-schema-graph\">{\"@context\":\"https:\/\/schema.org\",\"@graph\":[{\"@type\":\"WebPage\",\"@id\":\"https:\/\/hongistonkonetyo.fi\/?page_id=293\",\"url\":\"https:\/\/hongistonkonetyo.fi\/?page_id=293\",\"name\":\"Kosteikkorakentaminen - Erikoista koneurakointia Pyht\u00e4\u00e4lt\u00e4\",\"isPartOf\":{\"@id\":\"https:\/\/hongistonkonetyo.fi\/#website\"},\"primaryImageOfPage\":{\"@id\":\"https:\/\/hongistonkonetyo.fi\/?page_id=293#primaryimage\"},\"image\":{\"@id\":\"https:\/\/hongistonkonetyo.fi\/?page_id=293#primaryimage\"},\"thumbnailUrl\":\"https:\/\/hongistonkonetyo.fi\/wp-content\/uploads\/2025\/03\/DJI_0716-1024x576.jpg\",\"datePublished\":\"2025-03-26T09:48:03+00:00\",\"dateModified\":\"2025-03-28T16:30:41+00:00\",\"breadcrumb\":{\"@id\":\"https:\/\/hongistonkonetyo.fi\/?page_id=293#breadcrumb\"},\"inLanguage\":\"fi\",\"potentialAction\":[{\"@type\":\"ReadAction\",\"target\":[\"https:\/\/hongistonkonetyo.fi\/?page_id=293\"]}]},{\"@type\":\"ImageObject\",\"inLanguage\":\"fi\",\"@id\":\"https:\/\/hongistonkonetyo.fi\/?page_id=293#primaryimage\",\"url\":\"https:\/\/hongistonkonetyo.fi\/wp-content\/uploads\/2025\/03\/DJI_0716-scaled.jpg\",\"contentUrl\":\"https:\/\/hongistonkonetyo.fi\/wp-content\/uploads\/2025\/03\/DJI_0716-scaled.jpg\",\"width\":2560,\"height\":1440,\"caption\":\"It\u00e4rannan kosteikko, Kotka\"},{\"@type\":\"BreadcrumbList\",\"@id\":\"https:\/\/hongistonkonetyo.fi\/?page_id=293#breadcrumb\",\"itemListElement\":[{\"@type\":\"ListItem\",\"position\":1,\"name\":\"Etusivu\",\"item\":\"https:\/\/hongistonkonetyo.fi\/\"},{\"@type\":\"ListItem\",\"position\":2,\"name\":\"Kosteikkorakentaminen\"}]},{\"@type\":\"WebSite\",\"@id\":\"https:\/\/hongistonkonetyo.fi\/#website\",\"url\":\"https:\/\/hongistonkonetyo.fi\/\",\"name\":\"Erikoista koneurakointia Pyht\u00e4\u00e4lt\u00e4\",\"description\":\"Merelt\u00e4 mets\u00e4\u00e4n. \",\"publisher\":{\"@id\":\"https:\/\/hongistonkonetyo.fi\/#organization\"},\"potentialAction\":[{\"@type\":\"SearchAction\",\"target\":{\"@type\":\"EntryPoint\",\"urlTemplate\":\"https:\/\/hongistonkonetyo.fi\/?s={search_term_string}\"},\"query-input\":{\"@type\":\"PropertyValueSpecification\",\"valueRequired\":true,\"valueName\":\"search_term_string\"}}],\"inLanguage\":\"fi\"},{\"@type\":\"Organization\",\"@id\":\"https:\/\/hongistonkonetyo.fi\/#organization\",\"name\":\"Erikoista koneurakointia Pyht\u00e4\u00e4lt\u00e4\",\"url\":\"https:\/\/hongistonkonetyo.fi\/\",\"logo\":{\"@type\":\"ImageObject\",\"inLanguage\":\"fi\",\"@id\":\"https:\/\/hongistonkonetyo.fi\/#\/schema\/logo\/image\/\",\"url\":\"https:\/\/hongistonkonetyo.fi\/wp-content\/uploads\/2025\/03\/HKlogo_2_valko-edited.png\",\"contentUrl\":\"https:\/\/hongistonkonetyo.fi\/wp-content\/uploads\/2025\/03\/HKlogo_2_valko-edited.png\",\"width\":2000,\"height\":1125,\"caption\":\"Erikoista koneurakointia Pyht\u00e4\u00e4lt\u00e4\"},\"image\":{\"@id\":\"https:\/\/hongistonkonetyo.fi\/#\/schema\/logo\/image\/\"}}]}<\/script>\n<!-- \/ Yoast SEO plugin. -->","yoast_head_json":{"title":"Kosteikkorakentaminen - Erikoista koneurakointia Pyht\u00e4\u00e4lt\u00e4","robots":{"index":"index","follow":"follow","max-snippet":"max-snippet:-1","max-image-preview":"max-image-preview:large","max-video-preview":"max-video-preview:-1"},"canonical":"https:\/\/hongistonkonetyo.fi\/?page_id=293","og_locale":"fi_FI","og_type":"article","og_title":"Kosteikkorakentaminen - Erikoista koneurakointia Pyht\u00e4\u00e4lt\u00e4","og_description":"Kosteikkorakentaminen Kosteikkorakentaminen \u2013 suunnittelu, toteutus ja yll\u00e4pito luonnon ehdoilla Tarjoamme kattavat kosteikkorakentamisen palvelut Etel\u00e4-Kymenlaakson, it\u00e4isen Uudenmaan ja Kaakkois-Suomen alueilla. Toteutamme&hellip; Continue reading &ldquo;Kosteikkorakentaminen&rdquo;&hellip;","og_url":"https:\/\/hongistonkonetyo.fi\/?page_id=293","og_site_name":"Erikoista koneurakointia Pyht\u00e4\u00e4lt\u00e4","article_modified_time":"2025-03-28T16:30:41+00:00","og_image":[{"width":2560,"height":1440,"url":"https:\/\/hongistonkonetyo.fi\/wp-content\/uploads\/2025\/03\/DJI_0716-scaled.jpg","type":"image\/jpeg"}],"twitter_card":"summary_large_image","twitter_misc":{"Arvioitu lukuaika":"2 minuuttia"},"schema":{"@context":"https:\/\/schema.org","@graph":[{"@type":"WebPage","@id":"https:\/\/hongistonkonetyo.fi\/?page_id=293","url":"https:\/\/hongistonkonetyo.fi\/?page_id=293","name":"Kosteikkorakentaminen - Erikoista koneurakointia Pyht\u00e4\u00e4lt\u00e4","isPartOf":{"@id":"https:\/\/hongistonkonetyo.fi\/#website"},"primaryImageOfPage":{"@id":"https:\/\/hongistonkonetyo.fi\/?page_id=293#primaryimage"},"image":{"@id":"https:\/\/hongistonkonetyo.fi\/?page_id=293#primaryimage"},"thumbnailUrl":"https:\/\/hongistonkonetyo.fi\/wp-content\/uploads\/2025\/03\/DJI_0716-1024x576.jpg","datePublished":"2025-03-26T09:48:03+00:00","dateModified":"2025-03-28T16:30:41+00:00","breadcrumb":{"@id":"https:\/\/hongistonkonetyo.fi\/?page_id=293#breadcrumb"},"inLanguage":"fi","potentialAction":[{"@type":"ReadAction","target":["https:\/\/hongistonkonetyo.fi\/?page_id=293"]}]},{"@type":"ImageObject","inLanguage":"fi","@id":"https:\/\/hongistonkonetyo.fi\/?page_id=293#primaryimage","url":"https:\/\/hongistonkonetyo.fi\/wp-content\/uploads\/2025\/03\/DJI_0716-scaled.jpg","contentUrl":"https:\/\/hongistonkonetyo.fi\/wp-content\/uploads\/2025\/03\/DJI_0716-scaled.jpg","width":2560,"height":1440,"caption":"It\u00e4rannan kosteikko, Kotka"},{"@type":"BreadcrumbList","@id":"https:\/\/hongistonkonetyo.fi\/?page_id=293#breadcrumb","itemListElement":[{"@type":"ListItem","position":1,"name":"Etusivu","item":"https:\/\/hongistonkonetyo.fi\/"},{"@type":"ListItem","position":2,"name":"Kosteikkorakentaminen"}]},{"@type":"WebSite","@id":"https:\/\/hongistonkonetyo.fi\/#website","url":"https:\/\/hongistonkonetyo.fi\/","name":"Erikoista koneurakointia Pyht\u00e4\u00e4lt\u00e4","description":"Merelt\u00e4 mets\u00e4\u00e4n. ","publisher":{"@id":"https:\/\/hongistonkonetyo.fi\/#organization"},"potentialAction":[{"@type":"SearchAction","target":{"@type":"EntryPoint","urlTemplate":"https:\/\/hongistonkonetyo.fi\/?s={search_term_string}"},"query-input":{"@type":"PropertyValueSpecification","valueRequired":true,"valueName":"search_term_string"}}],"inLanguage":"fi"},{"@type":"Organization","@id":"https:\/\/hongistonkonetyo.fi\/#organization","name":"Erikoista koneurakointia Pyht\u00e4\u00e4lt\u00e4","url":"https:\/\/hongistonkonetyo.fi\/","logo":{"@type":"ImageObject","inLanguage":"fi","@id":"https:\/\/hongistonkonetyo.fi\/#\/schema\/logo\/image\/","url":"https:\/\/hongistonkonetyo.fi\/wp-content\/uploads\/2025\/03\/HKlogo_2_valko-edited.png","contentUrl":"https:\/\/hongistonkonetyo.fi\/wp-content\/uploads\/2025\/03\/HKlogo_2_valko-edited.png","width":2000,"height":1125,"caption":"Erikoista koneurakointia Pyht\u00e4\u00e4lt\u00e4"},"image":{"@id":"https:\/\/hongistonkonetyo.fi\/#\/schema\/logo\/image\/"}}]}},"_links":{"self":[{"href":"https:\/\/hongistonkonetyo.fi\/index.php?rest_route=\/wp\/v2\/pages\/293","targetHints":{"allow":["GET"]}}],"collection":[{"href":"https:\/\/hongistonkonetyo.fi\/index.php?rest_route=\/wp\/v2\/pages"}],"about":[{"href":"https:\/\/hongistonkonetyo.fi\/index.php?rest_route=\/wp\/v2\/types\/page"}],"author":[{"embeddable":true,"href":"https:\/\/hongistonkonetyo.fi\/index.php?rest_route=\/wp\/v2\/users\/1"}],"replies":[{"embeddable":true,"href":"https:\/\/hongistonkonetyo.fi\/index.php?rest_route=%2Fwp%2Fv2%2Fcomments&post=293"}],"version-history":[{"count":21,"href":"https:\/\/hongistonkonetyo.fi\/index.php?rest_route=\/wp\/v2\/pages\/293\/revisions"}],"predecessor-version":[{"id":639,"href":"https:\/\/hongistonkonetyo.fi\/index.php?rest_route=\/wp\/v2\/pages\/293\/revisions\/639"}],"wp:attachment":[{"href":"https:\/\/hongistonkonetyo.fi\/index.php?rest_route=%2Fwp%2Fv2%2Fmedia&parent=293"}],"curies":[{"name":"wp","href":"https:\/\/api.w.org\/{rel}","templated":true}]}}