{"id":249,"date":"2025-03-26T09:39:14","date_gmt":"2025-03-26T09:39:14","guid":{"rendered":"https:\/\/hongistonkonetyo.fi\/?page_id=249"},"modified":"2025-04-05T10:59:17","modified_gmt":"2025-04-05T10:59:17","slug":"palvelut","status":"publish","type":"page","link":"https:\/\/hongistonkonetyo.fi\/?page_id=249","title":{"rendered":"Palvelut"},"content":{"rendered":"\t\t<div data-elementor-type=\"wp-page\" data-elementor-id=\"249\" class=\"elementor elementor-249\">\n\t\t\t\t<div class=\"elementor-element elementor-element-54543dfe e-flex e-con-boxed e-con e-parent\" data-id=\"54543dfe\" data-element_type=\"container\">\n\t\t\t\t\t<div class=\"e-con-inner\">\n\t\t\t\t<div class=\"elementor-element elementor-element-356eb0b elementor-widget elementor-widget-text-editor\" data-id=\"356eb0b\" data-element_type=\"widget\" data-widget_type=\"text-editor.default\">\n\t\t\t\t<div class=\"elementor-widget-container\">\n\t\t\t\t\t\t\t\t\t<h2>Palvelumme<\/h2><h2>\u00a0\u2013 Luotettavaa ja monipuolista osaamista<\/h2><p>Tarjoamme monipuolisia maa- ja vesirakentamisen, kunnossapidon sek\u00e4 ruovikkopalveluiden ratkaisuja eri asiakastarpeisiin. Kalustomme ja osaamisemme soveltuvat sek\u00e4 pieniin ett\u00e4 vaativiin kokonaisuuksiin. Toimimme Etel\u00e4-Suomen ja erityisesti Kymenlaakson ja Uudenmaan alueilla.<\/p><h3><a href=\"https:\/\/hongistonkonetyo.fi\/?page_id=294\"><span style=\"color: #a0522d;\"><span style=\"text-decoration: underline;\">Maanrakennus<\/span><\/span><\/a><\/h3><ul><li><p>Talojen pohjat, maansiirtoty\u00f6t ja piharakentaminen<\/p><\/li><li><p>Mets\u00e4teiden ja peltojen muotoilut, ojarummut ja kaapeliojien kaivuut<\/p><\/li><li><p>Pehmeikk\u00f6kohteet ja vesist\u00f6n l\u00e4heiset ty\u00f6t leve\u00e4telaisilla kaivinkoneilla ja kelluvilla ponttoonikaivinkoneilla<\/p><\/li><\/ul><h3>Tiest\u00f6n <span style=\"color: #ffffff;\"><a style=\"color: #ffffff;\" href=\"https:\/\/hongistonkonetyo.fi\/?page_id=296\"><span style=\"text-decoration: underline;\">kes\u00e4<\/span><\/a><\/span> &#8211; ja <span style=\"text-decoration: underline;\"><span style=\"color: #ffffff; text-decoration: underline;\"><a style=\"color: #ffffff; text-decoration: underline;\" href=\"https:\/\/hongistonkonetyo.fi\/?page_id=295\">talvi<\/a><\/span><\/span> <span style=\"color: #ffd447;\">kunnossapito<\/span><\/h3><ul><li><p>Sorateiden h\u00f6yl\u00e4ys, perusparannukset ja asfaltinpohjat<\/p><\/li><li><p>Ojien avaaminen, rumpujen vaihdot ja murskeiden toimitukset<\/p><\/li><li><p>Lanaukset traktoreilla ja muotoilut tieh\u00f6yl\u00e4ll\u00e4<\/p><\/li><\/ul><h3><span style=\"text-decoration: underline;\"><a href=\"https:\/\/hongistonkonetyo.fi\/?page_id=293\"><span style=\"color: #4cafe7; text-decoration: underline;\">Kosteikkorakentaminen<\/span><\/a><\/span> ja <a href=\"https:\/\/hongistonkonetyo.fi\/?page_id=414\"><span style=\"text-decoration: underline;\"><span style=\"color: #4caf50; text-decoration: underline;\">ennallistaminen<\/span><\/span><\/a><\/h3><ul><li><p>Kosteikkojen ja pienvesien rakentaminen suunnittelusta yll\u00e4pitoon<\/p><\/li><li><p>Soiden ja uomien ennallistamisty\u00f6t<\/p><\/li><li><p>Luontoarvojen huomiointi ja dokumentointi<\/p><\/li><\/ul><h3><a href=\"https:\/\/hongistonkonetyo.fi\/?page_id=413\"><span style=\"text-decoration: underline;\"><span style=\"color: #dccb8a; text-decoration: underline;\">Ruovikon<\/span><\/span><\/a> murskaus ja niitto<\/h3><ul><li><p>Ruovikon murskaus, niitto ja keruu maalta ja vedest\u00e4<\/p><\/li><li><p>Erikoiskoneet kuten rinnekoneet, telaponttoonikaivurit ja Truxorit<\/p><\/li><li><p>Niittoj\u00e4tteen hy\u00f6tyk\u00e4ytt\u00f6 ja ruokoalueiden hoito<\/p><\/li><\/ul><h3><a href=\"https:\/\/hongistonkonetyo.fi\/?page_id=450\"><span style=\"text-decoration: underline;\"><span style=\"color: #dccb8a; text-decoration: underline;\">J\u00e4rviruoko<\/span><\/span><\/a> \u2013 hankinta ja hy\u00f6dynt\u00e4minen<\/h3><ul><li><p>Ruokomassan keruu, pakkaus ja toimitus asiakkaalle<\/p><\/li><li><p>Nouto my\u00f6s suoraan kohteista<\/p><\/li><li><p>Pitk\u00e4aikainen alueiden hoito ja hy\u00f6tyk\u00e4ytt\u00f6<\/p><\/li><\/ul><h3><a href=\"https:\/\/hongistonkonetyo.fi\/?page_id=671\"><span style=\"text-decoration: underline;\"><span style=\"color: #ffd447; text-decoration: underline;\">Vasaramyll\u00e4ys<\/span><\/span><\/a> \u2013 murskauspalvelut tiloilla<\/h3><ul><li><p>Oljen ja biomassojen murskaus Farmcrusher 940 -murskaimella<\/p><\/li><li><p>Imukykyisen kuivikkeen valmistus suoraan asiakkaan tilalla<\/p><\/li><li><p>Useita seulakokoja \u2013 kattava valikoima<\/p><\/li><\/ul><h3><span style=\"color: #3366ff;\"><a style=\"color: #3366ff;\" href=\"https:\/\/hongistonkonetyo.fi\/?page_id=715\"><span style=\"text-decoration: underline;\"><span style=\"color: #4cafe7; text-decoration: underline;\">Raskaankaluston pesu<\/span><\/span><\/a><\/span><\/h3><ul><li>Pesemme ty\u00f6koneet ja kuorma-autot<\/li><li>20m pitk\u00e4, 10m leve\u00e4 tilava pesuhalli\u00a0<\/li><li>Vaatimusten mukaiset tilat ja hyv\u00e4ksi todetut pesuaineet<\/li><\/ul><p><strong>Ota yhteytt\u00e4 \u2013 autamme l\u00f6yt\u00e4m\u00e4\u00e4n juuri sinun kohteeseesi sopivat ratkaisut!<\/strong><\/p>\t\t\t\t\t\t\t\t<\/div>\n\t\t\t\t<\/div>\n\t\t\t\t\t<\/div>\n\t\t\t\t<\/div>\n\t\t<div class=\"elementor-element elementor-element-a68be8f e-flex e-con-boxed e-con e-parent\" data-id=\"a68be8f\" data-element_type=\"container\">\n\t\t\t\t\t<div class=\"e-con-inner\">\n\t\t\t\t<div class=\"elementor-element elementor-element-8632169 elementor-widget elementor-widget-image\" data-id=\"8632169\" data-element_type=\"widget\" data-widget_type=\"image.default\">\n\t\t\t\t<div class=\"elementor-widget-container\">\n\t\t\t\t\t\t\t\t\t\t\t\t\t\t\t<img fetchpriority=\"high\" decoding=\"async\" width=\"1024\" height=\"576\" src=\"https:\/\/hongistonkonetyo.fi\/wp-content\/uploads\/2025\/03\/Hongiston-konepaja_still-kuvat_Videotoimisto-ikimedia-5-1024x576.jpg\" class=\"attachment-large size-large wp-image-467\" alt=\"\" srcset=\"https:\/\/hongistonkonetyo.fi\/wp-content\/uploads\/2025\/03\/Hongiston-konepaja_still-kuvat_Videotoimisto-ikimedia-5-1024x576.jpg 1024w, https:\/\/hongistonkonetyo.fi\/wp-content\/uploads\/2025\/03\/Hongiston-konepaja_still-kuvat_Videotoimisto-ikimedia-5-300x169.jpg 300w, https:\/\/hongistonkonetyo.fi\/wp-content\/uploads\/2025\/03\/Hongiston-konepaja_still-kuvat_Videotoimisto-ikimedia-5-768x432.jpg 768w, https:\/\/hongistonkonetyo.fi\/wp-content\/uploads\/2025\/03\/Hongiston-konepaja_still-kuvat_Videotoimisto-ikimedia-5-1536x864.jpg 1536w, https:\/\/hongistonkonetyo.fi\/wp-content\/uploads\/2025\/03\/Hongiston-konepaja_still-kuvat_Videotoimisto-ikimedia-5-2048x1152.jpg 2048w, https:\/\/hongistonkonetyo.fi\/wp-content\/uploads\/2025\/03\/Hongiston-konepaja_still-kuvat_Videotoimisto-ikimedia-5-1920x1080.jpg 1920w\" sizes=\"(max-width: 1024px) 100vw, 1024px\" \/>\t\t\t\t\t\t\t\t\t\t\t\t\t\t\t<\/div>\n\t\t\t\t<\/div>\n\t\t\t\t\t<\/div>\n\t\t\t\t<\/div>\n\t\t\t\t<\/div>\n\t\t","protected":false},"excerpt":{"rendered":"<div class=\"entry-summary\">\nPalvelumme \u00a0\u2013 Luotettavaa ja monipuolista osaamista Tarjoamme monipuolisia maa- ja vesirakentamisen, kunnossapidon sek\u00e4 ruovikkopalveluiden ratkaisuja eri asiakastarpeisiin. Kalustomme ja osaamisemme&hellip;\n<\/div>\n<div class=\"link-more\"><a href=\"https:\/\/hongistonkonetyo.fi\/?page_id=249\" class=\"more-link\">Continue reading<span class=\"screen-reader-text\"> &ldquo;Palvelut&rdquo;<\/span>&hellip;<\/a><\/div>\n","protected":false},"author":1,"featured_media":0,"parent":0,"menu_order":0,"comment_status":"closed","ping_status":"closed","template":"elementor_header_footer","meta":{"footnotes":""},"class_list":["post-249","page","type-page","status-publish","hentry","entry"],"yoast_head":"<!-- This site is optimized with the Yoast SEO plugin v24.7 - https:\/\/yoast.com\/wordpress\/plugins\/seo\/ -->\n<title>Palvelut - Erikoista koneurakointia Pyht\u00e4\u00e4lt\u00e4<\/title>\n<meta name=\"robots\" content=\"index, follow, max-snippet:-1, max-image-preview:large, max-video-preview:-1\" \/>\n<link rel=\"canonical\" href=\"https:\/\/hongistonkonetyo.fi\/?page_id=249\" \/>\n<meta property=\"og:locale\" content=\"fi_FI\" \/>\n<meta property=\"og:type\" content=\"article\" \/>\n<meta property=\"og:title\" content=\"Palvelut - Erikoista koneurakointia Pyht\u00e4\u00e4lt\u00e4\" \/>\n<meta property=\"og:description\" content=\"Palvelumme \u00a0\u2013 Luotettavaa ja monipuolista osaamista Tarjoamme monipuolisia maa- ja vesirakentamisen, kunnossapidon sek\u00e4 ruovikkopalveluiden ratkaisuja eri asiakastarpeisiin. Kalustomme ja osaamisemme&hellip; Continue reading &ldquo;Palvelut&rdquo;&hellip;\" \/>\n<meta property=\"og:url\" content=\"https:\/\/hongistonkonetyo.fi\/?page_id=249\" \/>\n<meta property=\"og:site_name\" content=\"Erikoista koneurakointia Pyht\u00e4\u00e4lt\u00e4\" \/>\n<meta property=\"article:modified_time\" content=\"2025-04-05T10:59:17+00:00\" \/>\n<meta property=\"og:image\" content=\"https:\/\/hongistonkonetyo.fi\/wp-content\/uploads\/2025\/03\/Hongiston-konepaja_still-kuvat_Videotoimisto-ikimedia-5-scaled.jpg\" \/>\n\t<meta property=\"og:image:width\" content=\"2560\" \/>\n\t<meta property=\"og:image:height\" content=\"1440\" \/>\n\t<meta property=\"og:image:type\" content=\"image\/jpeg\" \/>\n<meta name=\"twitter:card\" content=\"summary_large_image\" \/>\n<meta name=\"twitter:label1\" content=\"Arvioitu lukuaika\" \/>\n\t<meta name=\"twitter:data1\" content=\"2 minuuttia\" \/>\n<script type=\"application\/ld+json\" class=\"yoast-schema-graph\">{\"@context\":\"https:\/\/schema.org\",\"@graph\":[{\"@type\":\"WebPage\",\"@id\":\"https:\/\/hongistonkonetyo.fi\/?page_id=249\",\"url\":\"https:\/\/hongistonkonetyo.fi\/?page_id=249\",\"name\":\"Palvelut - Erikoista koneurakointia Pyht\u00e4\u00e4lt\u00e4\",\"isPartOf\":{\"@id\":\"https:\/\/hongistonkonetyo.fi\/#website\"},\"primaryImageOfPage\":{\"@id\":\"https:\/\/hongistonkonetyo.fi\/?page_id=249#primaryimage\"},\"image\":{\"@id\":\"https:\/\/hongistonkonetyo.fi\/?page_id=249#primaryimage\"},\"thumbnailUrl\":\"https:\/\/hongistonkonetyo.fi\/wp-content\/uploads\/2025\/03\/Hongiston-konepaja_still-kuvat_Videotoimisto-ikimedia-5-1024x576.jpg\",\"datePublished\":\"2025-03-26T09:39:14+00:00\",\"dateModified\":\"2025-04-05T10:59:17+00:00\",\"breadcrumb\":{\"@id\":\"https:\/\/hongistonkonetyo.fi\/?page_id=249#breadcrumb\"},\"inLanguage\":\"fi\",\"potentialAction\":[{\"@type\":\"ReadAction\",\"target\":[\"https:\/\/hongistonkonetyo.fi\/?page_id=249\"]}]},{\"@type\":\"ImageObject\",\"inLanguage\":\"fi\",\"@id\":\"https:\/\/hongistonkonetyo.fi\/?page_id=249#primaryimage\",\"url\":\"https:\/\/hongistonkonetyo.fi\/wp-content\/uploads\/2025\/03\/Hongiston-konepaja_still-kuvat_Videotoimisto-ikimedia-5-scaled.jpg\",\"contentUrl\":\"https:\/\/hongistonkonetyo.fi\/wp-content\/uploads\/2025\/03\/Hongiston-konepaja_still-kuvat_Videotoimisto-ikimedia-5-scaled.jpg\",\"width\":2560,\"height\":1440},{\"@type\":\"BreadcrumbList\",\"@id\":\"https:\/\/hongistonkonetyo.fi\/?page_id=249#breadcrumb\",\"itemListElement\":[{\"@type\":\"ListItem\",\"position\":1,\"name\":\"Etusivu\",\"item\":\"https:\/\/hongistonkonetyo.fi\/\"},{\"@type\":\"ListItem\",\"position\":2,\"name\":\"Palvelut\"}]},{\"@type\":\"WebSite\",\"@id\":\"https:\/\/hongistonkonetyo.fi\/#website\",\"url\":\"https:\/\/hongistonkonetyo.fi\/\",\"name\":\"Erikoista koneurakointia Pyht\u00e4\u00e4lt\u00e4\",\"description\":\"Merelt\u00e4 mets\u00e4\u00e4n. \",\"publisher\":{\"@id\":\"https:\/\/hongistonkonetyo.fi\/#organization\"},\"potentialAction\":[{\"@type\":\"SearchAction\",\"target\":{\"@type\":\"EntryPoint\",\"urlTemplate\":\"https:\/\/hongistonkonetyo.fi\/?s={search_term_string}\"},\"query-input\":{\"@type\":\"PropertyValueSpecification\",\"valueRequired\":true,\"valueName\":\"search_term_string\"}}],\"inLanguage\":\"fi\"},{\"@type\":\"Organization\",\"@id\":\"https:\/\/hongistonkonetyo.fi\/#organization\",\"name\":\"Erikoista koneurakointia Pyht\u00e4\u00e4lt\u00e4\",\"url\":\"https:\/\/hongistonkonetyo.fi\/\",\"logo\":{\"@type\":\"ImageObject\",\"inLanguage\":\"fi\",\"@id\":\"https:\/\/hongistonkonetyo.fi\/#\/schema\/logo\/image\/\",\"url\":\"https:\/\/hongistonkonetyo.fi\/wp-content\/uploads\/2025\/03\/HKlogo_2_valko-edited.png\",\"contentUrl\":\"https:\/\/hongistonkonetyo.fi\/wp-content\/uploads\/2025\/03\/HKlogo_2_valko-edited.png\",\"width\":2000,\"height\":1125,\"caption\":\"Erikoista koneurakointia Pyht\u00e4\u00e4lt\u00e4\"},\"image\":{\"@id\":\"https:\/\/hongistonkonetyo.fi\/#\/schema\/logo\/image\/\"}}]}<\/script>\n<!-- \/ Yoast SEO plugin. -->","yoast_head_json":{"title":"Palvelut - Erikoista koneurakointia Pyht\u00e4\u00e4lt\u00e4","robots":{"index":"index","follow":"follow","max-snippet":"max-snippet:-1","max-image-preview":"max-image-preview:large","max-video-preview":"max-video-preview:-1"},"canonical":"https:\/\/hongistonkonetyo.fi\/?page_id=249","og_locale":"fi_FI","og_type":"article","og_title":"Palvelut - Erikoista koneurakointia Pyht\u00e4\u00e4lt\u00e4","og_description":"Palvelumme \u00a0\u2013 Luotettavaa ja monipuolista osaamista Tarjoamme monipuolisia maa- ja vesirakentamisen, kunnossapidon sek\u00e4 ruovikkopalveluiden ratkaisuja eri asiakastarpeisiin. Kalustomme ja osaamisemme&hellip; Continue reading &ldquo;Palvelut&rdquo;&hellip;","og_url":"https:\/\/hongistonkonetyo.fi\/?page_id=249","og_site_name":"Erikoista koneurakointia Pyht\u00e4\u00e4lt\u00e4","article_modified_time":"2025-04-05T10:59:17+00:00","og_image":[{"width":2560,"height":1440,"url":"https:\/\/hongistonkonetyo.fi\/wp-content\/uploads\/2025\/03\/Hongiston-konepaja_still-kuvat_Videotoimisto-ikimedia-5-scaled.jpg","type":"image\/jpeg"}],"twitter_card":"summary_large_image","twitter_misc":{"Arvioitu lukuaika":"2 minuuttia"},"schema":{"@context":"https:\/\/schema.org","@graph":[{"@type":"WebPage","@id":"https:\/\/hongistonkonetyo.fi\/?page_id=249","url":"https:\/\/hongistonkonetyo.fi\/?page_id=249","name":"Palvelut - Erikoista koneurakointia Pyht\u00e4\u00e4lt\u00e4","isPartOf":{"@id":"https:\/\/hongistonkonetyo.fi\/#website"},"primaryImageOfPage":{"@id":"https:\/\/hongistonkonetyo.fi\/?page_id=249#primaryimage"},"image":{"@id":"https:\/\/hongistonkonetyo.fi\/?page_id=249#primaryimage"},"thumbnailUrl":"https:\/\/hongistonkonetyo.fi\/wp-content\/uploads\/2025\/03\/Hongiston-konepaja_still-kuvat_Videotoimisto-ikimedia-5-1024x576.jpg","datePublished":"2025-03-26T09:39:14+00:00","dateModified":"2025-04-05T10:59:17+00:00","breadcrumb":{"@id":"https:\/\/hongistonkonetyo.fi\/?page_id=249#breadcrumb"},"inLanguage":"fi","potentialAction":[{"@type":"ReadAction","target":["https:\/\/hongistonkonetyo.fi\/?page_id=249"]}]},{"@type":"ImageObject","inLanguage":"fi","@id":"https:\/\/hongistonkonetyo.fi\/?page_id=249#primaryimage","url":"https:\/\/hongistonkonetyo.fi\/wp-content\/uploads\/2025\/03\/Hongiston-konepaja_still-kuvat_Videotoimisto-ikimedia-5-scaled.jpg","contentUrl":"https:\/\/hongistonkonetyo.fi\/wp-content\/uploads\/2025\/03\/Hongiston-konepaja_still-kuvat_Videotoimisto-ikimedia-5-scaled.jpg","width":2560,"height":1440},{"@type":"BreadcrumbList","@id":"https:\/\/hongistonkonetyo.fi\/?page_id=249#breadcrumb","itemListElement":[{"@type":"ListItem","position":1,"name":"Etusivu","item":"https:\/\/hongistonkonetyo.fi\/"},{"@type":"ListItem","position":2,"name":"Palvelut"}]},{"@type":"WebSite","@id":"https:\/\/hongistonkonetyo.fi\/#website","url":"https:\/\/hongistonkonetyo.fi\/","name":"Erikoista koneurakointia Pyht\u00e4\u00e4lt\u00e4","description":"Merelt\u00e4 mets\u00e4\u00e4n. ","publisher":{"@id":"https:\/\/hongistonkonetyo.fi\/#organization"},"potentialAction":[{"@type":"SearchAction","target":{"@type":"EntryPoint","urlTemplate":"https:\/\/hongistonkonetyo.fi\/?s={search_term_string}"},"query-input":{"@type":"PropertyValueSpecification","valueRequired":true,"valueName":"search_term_string"}}],"inLanguage":"fi"},{"@type":"Organization","@id":"https:\/\/hongistonkonetyo.fi\/#organization","name":"Erikoista koneurakointia Pyht\u00e4\u00e4lt\u00e4","url":"https:\/\/hongistonkonetyo.fi\/","logo":{"@type":"ImageObject","inLanguage":"fi","@id":"https:\/\/hongistonkonetyo.fi\/#\/schema\/logo\/image\/","url":"https:\/\/hongistonkonetyo.fi\/wp-content\/uploads\/2025\/03\/HKlogo_2_valko-edited.png","contentUrl":"https:\/\/hongistonkonetyo.fi\/wp-content\/uploads\/2025\/03\/HKlogo_2_valko-edited.png","width":2000,"height":1125,"caption":"Erikoista koneurakointia Pyht\u00e4\u00e4lt\u00e4"},"image":{"@id":"https:\/\/hongistonkonetyo.fi\/#\/schema\/logo\/image\/"}}]}},"_links":{"self":[{"href":"https:\/\/hongistonkonetyo.fi\/index.php?rest_route=\/wp\/v2\/pages\/249","targetHints":{"allow":["GET"]}}],"collection":[{"href":"https:\/\/hongistonkonetyo.fi\/index.php?rest_route=\/wp\/v2\/pages"}],"about":[{"href":"https:\/\/hongistonkonetyo.fi\/index.php?rest_route=\/wp\/v2\/types\/page"}],"author":[{"embeddable":true,"href":"https:\/\/hongistonkonetyo.fi\/index.php?rest_route=\/wp\/v2\/users\/1"}],"replies":[{"embeddable":true,"href":"https:\/\/hongistonkonetyo.fi\/index.php?rest_route=%2Fwp%2Fv2%2Fcomments&post=249"}],"version-history":[{"count":36,"href":"https:\/\/hongistonkonetyo.fi\/index.php?rest_route=\/wp\/v2\/pages\/249\/revisions"}],"predecessor-version":[{"id":789,"href":"https:\/\/hongistonkonetyo.fi\/index.php?rest_route=\/wp\/v2\/pages\/249\/revisions\/789"}],"wp:attachment":[{"href":"https:\/\/hongistonkonetyo.fi\/index.php?rest_route=%2Fwp%2Fv2%2Fmedia&parent=249"}],"curies":[{"name":"wp","href":"https:\/\/api.w.org\/{rel}","templated":true}]}}